{"id":1087,"date":"2025-08-14T09:05:13","date_gmt":"2025-08-14T09:05:13","guid":{"rendered":"https:\/\/dominofoundationdominicanrepublic.com\/?page_id=1087"},"modified":"2025-08-17T20:26:43","modified_gmt":"2025-08-17T20:26:43","slug":"blogs","status":"publish","type":"page","link":"https:\/\/dominofoundationdominicanrepublic.com\/fr\/blogs\/","title":{"rendered":"Blogs"},"content":{"rendered":"<div data-elementor-type=\"wp-page\" data-elementor-id=\"1087\" class=\"elementor elementor-1087\" data-elementor-post-type=\"page\">\n\t\t\t\t\t\t<section class=\"elementor-section elementor-top-section elementor-element elementor-element-d20cec3 elementor-section-height-min-height elementor-section-boxed elementor-section-height-default elementor-section-items-middle\" data-id=\"d20cec3\" data-element_type=\"section\" data-e-type=\"section\">\n\t\t\t\t\t\t<div class=\"elementor-container elementor-column-gap-default\">\n\t\t\t\t\t<div class=\"elementor-column elementor-col-50 elementor-top-column elementor-element elementor-element-e45fa99\" data-id=\"e45fa99\" data-element_type=\"column\" data-e-type=\"column\">\n\t\t\t<div class=\"elementor-widget-wrap elementor-element-populated\">\n\t\t\t\t\t\t<div class=\"elementor-element elementor-element-7f74ed5 elementor-widget elementor-widget-image\" data-id=\"7f74ed5\" data-element_type=\"widget\" data-e-type=\"widget\" data-widget_type=\"image.default\">\n\t\t\t\t<div class=\"elementor-widget-container\">\n\t\t\t\t\t\t\t\t\t\t\t\t\t\t\t<img fetchpriority=\"high\" decoding=\"async\" width=\"1024\" height=\"576\" src=\"https:\/\/dominofoundationdominicanrepublic.com\/wp-content\/uploads\/2025\/08\/250726-group-2-1024x576.jpeg\" class=\"attachment-large size-large wp-image-1142\" alt=\"kids after shopping\" srcset=\"https:\/\/dominofoundationdominicanrepublic.com\/wp-content\/uploads\/2025\/08\/250726-group-2-1024x576.jpeg 1024w, https:\/\/dominofoundationdominicanrepublic.com\/wp-content\/uploads\/2025\/08\/250726-group-2-300x169.jpeg 300w, https:\/\/dominofoundationdominicanrepublic.com\/wp-content\/uploads\/2025\/08\/250726-group-2-768x432.jpeg 768w, https:\/\/dominofoundationdominicanrepublic.com\/wp-content\/uploads\/2025\/08\/250726-group-2-1536x864.jpeg 1536w, https:\/\/dominofoundationdominicanrepublic.com\/wp-content\/uploads\/2025\/08\/250726-group-2-18x10.jpeg 18w, https:\/\/dominofoundationdominicanrepublic.com\/wp-content\/uploads\/2025\/08\/250726-group-2.jpeg 1600w\" sizes=\"(max-width: 1024px) 100vw, 1024px\" \/>\t\t\t\t\t\t\t\t\t\t\t\t\t\t\t<\/div>\n\t\t\t\t<\/div>\n\t\t\t\t\t<\/div>\n\t\t<\/div>\n\t\t\t\t<div class=\"elementor-column elementor-col-50 elementor-top-column elementor-element elementor-element-5f16738\" data-id=\"5f16738\" data-element_type=\"column\" data-e-type=\"column\">\n\t\t\t<div class=\"elementor-widget-wrap elementor-element-populated\">\n\t\t\t\t\t\t<div class=\"elementor-element elementor-element-9a952a0 elementor-widget elementor-widget-heading\" data-id=\"9a952a0\" data-element_type=\"widget\" data-e-type=\"widget\" data-widget_type=\"heading.default\">\n\t\t\t\t<div class=\"elementor-widget-container\">\n\t\t\t\t\t<h2 class=\"elementor-heading-title elementor-size-default\">Projet Uniformes Scolaires\nAnn\u00e9e Scolaire 2025\/2026<\/h2>\t\t\t\t<\/div>\n\t\t\t\t<\/div>\n\t\t\t\t<div class=\"elementor-element elementor-element-b6a86dc elementor-widget elementor-widget-text-editor\" data-id=\"b6a86dc\" data-element_type=\"widget\" data-e-type=\"widget\" data-widget_type=\"text-editor.default\">\n\t\t\t\t<div class=\"elementor-widget-container\">\n\t\t\t\t\t\t\t\t\t<p>Chaque ann\u00e9e, nous repartons avec la m\u00eame mission : faire en sorte que les enfants puissent commencer la nouvelle ann\u00e9e scolaire avec tout ce dont ils ont besoin. Pas seulement l\u2019uniforme complet, mais aussi la tenue de sport, les chaussures, les baskets, une ceinture, un sac \u00e0 dos et un bon lot de cahiers.\nAccompagn\u00e9 d\u2019un parent ou d\u2019un tuteur, chaque enfant choisit lui-m\u00eame ses affaires. Ce moment est toujours particulier\u2014pour eux, mais aussi pour nous.<br \/><br \/><a href=\"https:\/\/blogspotdominicanrepublic.com\/fr\/2025\/08\/17\/school-uniform-project-school-year-2025-2026\/\">Lisez toute l\u2019histoire ici.<\/a><\/p>\t\t\t\t\t\t\t\t<\/div>\n\t\t\t\t<\/div>\n\t\t\t\t\t<\/div>\n\t\t<\/div>\n\t\t\t\t\t<\/div>\n\t\t<\/section>\n\t\t\t\t<\/div>","protected":false},"excerpt":{"rendered":"<p>School Uniform Project Schooljaar 2025\/2026 Elk jaar beginnen we opnieuw met dezelfde missie: ervoor zorgen dat kinderen het nieuwe schooljaar kunnen starten met alles wat ze nodig hebben. Niet alleen het complete uniform, maar ook het sporttenue, schoenen, sneakers, een riem, een rugzak en een stapel schriften. Samen met een ouder of verzorger kiest ieder [&hellip;]<\/p>\n","protected":false},"author":1,"featured_media":0,"parent":0,"menu_order":0,"comment_status":"closed","ping_status":"closed","template":"elementor_header_footer","meta":{"site-sidebar-layout":"no-sidebar","site-content-layout":"page-builder","ast-site-content-layout":"full-width-container","site-content-style":"default","site-sidebar-style":"default","ast-global-header-display":"","ast-banner-title-visibility":"","ast-main-header-display":"","ast-hfb-above-header-display":"","ast-hfb-below-header-display":"","ast-hfb-mobile-header-display":"","site-post-title":"","ast-breadcrumbs-content":"","ast-featured-img":"disabled","footer-sml-layout":"","ast-disable-related-posts":"","theme-transparent-header-meta":"","adv-header-id-meta":"","stick-header-meta":"","header-above-stick-meta":"","header-main-stick-meta":"","header-below-stick-meta":"","astra-migrate-meta-layouts":"set","ast-page-background-enabled":"default","ast-page-background-meta":{"desktop":{"background-color":"var(--ast-global-color-4)","background-image":"","background-repeat":"repeat","background-position":"center center","background-size":"auto","background-attachment":"scroll","background-type":"","background-media":"","overlay-type":"","overlay-color":"","overlay-opacity":"","overlay-gradient":""},"tablet":{"background-color":"","background-image":"","background-repeat":"repeat","background-position":"center center","background-size":"auto","background-attachment":"scroll","background-type":"","background-media":"","overlay-type":"","overlay-color":"","overlay-opacity":"","overlay-gradient":""},"mobile":{"background-color":"","background-image":"","background-repeat":"repeat","background-position":"center center","background-size":"auto","background-attachment":"scroll","background-type":"","background-media":"","overlay-type":"","overlay-color":"","overlay-opacity":"","overlay-gradient":""}},"ast-content-background-meta":{"desktop":{"background-color":"var(--ast-global-color-5)","background-image":"","background-repeat":"repeat","background-position":"center center","background-size":"auto","background-attachment":"scroll","background-type":"","background-media":"","overlay-type":"","overlay-color":"","overlay-opacity":"","overlay-gradient":""},"tablet":{"background-color":"var(--ast-global-color-5)","background-image":"","background-repeat":"repeat","background-position":"center center","background-size":"auto","background-attachment":"scroll","background-type":"","background-media":"","overlay-type":"","overlay-color":"","overlay-opacity":"","overlay-gradient":""},"mobile":{"background-color":"var(--ast-global-color-5)","background-image":"","background-repeat":"repeat","background-position":"center center","background-size":"auto","background-attachment":"scroll","background-type":"","background-media":"","overlay-type":"","overlay-color":"","overlay-opacity":"","overlay-gradient":""}},"footnotes":""},"class_list":["post-1087","page","type-page","status-publish","hentry"],"_links":{"self":[{"href":"https:\/\/dominofoundationdominicanrepublic.com\/fr\/wp-json\/wp\/v2\/pages\/1087","targetHints":{"allow":["GET"]}}],"collection":[{"href":"https:\/\/dominofoundationdominicanrepublic.com\/fr\/wp-json\/wp\/v2\/pages"}],"about":[{"href":"https:\/\/dominofoundationdominicanrepublic.com\/fr\/wp-json\/wp\/v2\/types\/page"}],"author":[{"embeddable":true,"href":"https:\/\/dominofoundationdominicanrepublic.com\/fr\/wp-json\/wp\/v2\/users\/1"}],"replies":[{"embeddable":true,"href":"https:\/\/dominofoundationdominicanrepublic.com\/fr\/wp-json\/wp\/v2\/comments?post=1087"}],"version-history":[{"count":10,"href":"https:\/\/dominofoundationdominicanrepublic.com\/fr\/wp-json\/wp\/v2\/pages\/1087\/revisions"}],"predecessor-version":[{"id":1147,"href":"https:\/\/dominofoundationdominicanrepublic.com\/fr\/wp-json\/wp\/v2\/pages\/1087\/revisions\/1147"}],"wp:attachment":[{"href":"https:\/\/dominofoundationdominicanrepublic.com\/fr\/wp-json\/wp\/v2\/media?parent=1087"}],"curies":[{"name":"wp","href":"https:\/\/api.w.org\/{rel}","templated":true}]}}